{"id":337,"date":"2025-02-12T14:42:03","date_gmt":"2025-02-12T14:42:03","guid":{"rendered":"https:\/\/styfunc.com\/?page_id=337"},"modified":"2026-04-13T13:43:57","modified_gmt":"2026-04-13T13:43:57","slug":"nosotros","status":"publish","type":"page","link":"https:\/\/styfunc.com\/index.php\/nosotros\/","title":{"rendered":"Nosotros"},"content":{"rendered":"\t\t<div data-elementor-type=\"wp-page\" data-elementor-id=\"337\" class=\"elementor elementor-337\">\n\t\t\t\t\t\t<section class=\"elementor-section elementor-top-section elementor-element elementor-element-0754eff elementor-section-boxed elementor-section-height-default elementor-section-height-default\" data-id=\"0754eff\" data-element_type=\"section\" data-settings=\"{&quot;background_background&quot;:&quot;classic&quot;}\">\n\t\t\t\t\t\t<div class=\"elementor-container elementor-column-gap-default\">\n\t\t\t\t\t<div class=\"elementor-column elementor-col-100 elementor-top-column elementor-element elementor-element-eedd994\" data-id=\"eedd994\" data-element_type=\"column\">\n\t\t\t<div class=\"elementor-widget-wrap elementor-element-populated\">\n\t\t\t\t\t\t<div class=\"elementor-element elementor-element-f23ffcb elementor-nav-menu__align-center elementor-nav-menu--dropdown-none elementor-widget elementor-widget-nav-menu\" data-id=\"f23ffcb\" data-element_type=\"widget\" data-settings=\"{&quot;layout&quot;:&quot;horizontal&quot;,&quot;submenu_icon&quot;:{&quot;value&quot;:&quot;&lt;i class=\\&quot;fas fa-caret-down\\&quot;&gt;&lt;\\\/i&gt;&quot;,&quot;library&quot;:&quot;fa-solid&quot;}}\" data-widget_type=\"nav-menu.default\">\n\t\t\t\t<div class=\"elementor-widget-container\">\n\t\t\t\t\t\t\t\t<nav migration_allowed=\"1\" migrated=\"0\" role=\"navigation\" class=\"elementor-nav-menu--main elementor-nav-menu__container elementor-nav-menu--layout-horizontal e--pointer-text e--animation-grow\">\n\t\t\t\t<ul id=\"menu-1-f23ffcb\" class=\"elementor-nav-menu\"><li class=\"menu-item menu-item-type-post_type menu-item-object-page menu-item-home menu-item-354\"><a href=\"https:\/\/styfunc.com\/\" class=\"elementor-item\">Inicio<\/a><\/li>\n<li class=\"menu-item menu-item-type-post_type menu-item-object-page menu-item-357\"><a href=\"https:\/\/styfunc.com\/index.php\/objetos\/\" class=\"elementor-item\">Objetos<\/a><\/li>\n<li class=\"menu-item menu-item-type-post_type menu-item-object-page menu-item-356\"><a href=\"https:\/\/styfunc.com\/index.php\/nosotros\/\" class=\"elementor-item\">Nosotros<\/a><\/li>\n<li class=\"menu-item menu-item-type-custom menu-item-object-custom menu-item-482\"><a href=\"https:\/\/styfunc.mitiendanube.com\/\" class=\"elementor-item\">Tienda<\/a><\/li>\n<li class=\"menu-item menu-item-type-post_type menu-item-object-page menu-item-355\"><a href=\"https:\/\/styfunc.com\/index.php\/contacto\/\" class=\"elementor-item\">Contacto<\/a><\/li>\n<\/ul>\t\t\t<\/nav>\n\t\t\t\t\t<div class=\"elementor-menu-toggle\" role=\"button\" tabindex=\"0\" aria-label=\"Menu Toggle\" aria-expanded=\"false\">\n\t\t\t<i aria-hidden=\"true\" role=\"presentation\" class=\"elementor-menu-toggle__icon--open eicon-menu-bar\"><\/i><i aria-hidden=\"true\" role=\"presentation\" class=\"elementor-menu-toggle__icon--close eicon-close\"><\/i>\t\t\t<span class=\"elementor-screen-only\">Menu<\/span>\n\t\t<\/div>\n\t\t\t<nav class=\"elementor-nav-menu--dropdown elementor-nav-menu__container\" role=\"navigation\" aria-hidden=\"true\">\n\t\t\t\t<ul id=\"menu-2-f23ffcb\" class=\"elementor-nav-menu\"><li class=\"menu-item menu-item-type-post_type menu-item-object-page menu-item-home menu-item-354\"><a href=\"https:\/\/styfunc.com\/\" class=\"elementor-item\" tabindex=\"-1\">Inicio<\/a><\/li>\n<li class=\"menu-item menu-item-type-post_type menu-item-object-page menu-item-357\"><a href=\"https:\/\/styfunc.com\/index.php\/objetos\/\" class=\"elementor-item\" tabindex=\"-1\">Objetos<\/a><\/li>\n<li class=\"menu-item menu-item-type-post_type menu-item-object-page menu-item-356\"><a href=\"https:\/\/styfunc.com\/index.php\/nosotros\/\" class=\"elementor-item\" tabindex=\"-1\">Nosotros<\/a><\/li>\n<li class=\"menu-item menu-item-type-custom menu-item-object-custom menu-item-482\"><a href=\"https:\/\/styfunc.mitiendanube.com\/\" class=\"elementor-item\" tabindex=\"-1\">Tienda<\/a><\/li>\n<li class=\"menu-item menu-item-type-post_type menu-item-object-page menu-item-355\"><a href=\"https:\/\/styfunc.com\/index.php\/contacto\/\" class=\"elementor-item\" tabindex=\"-1\">Contacto<\/a><\/li>\n<\/ul>\t\t\t<\/nav>\n\t\t\t\t\t\t<\/div>\n\t\t\t\t<\/div>\n\t\t\t\t<div class=\"elementor-element elementor-element-fb0eaec elementor-widget elementor-widget-spacer\" data-id=\"fb0eaec\" data-element_type=\"widget\" data-widget_type=\"spacer.default\">\n\t\t\t\t<div class=\"elementor-widget-container\">\n\t\t\t\t\t\t\t<div class=\"elementor-spacer\">\n\t\t\t<div class=\"elementor-spacer-inner\"><\/div>\n\t\t<\/div>\n\t\t\t\t\t\t<\/div>\n\t\t\t\t<\/div>\n\t\t\t\t<div class=\"elementor-element elementor-element-0266576 elementor-widget elementor-widget-image\" data-id=\"0266576\" data-element_type=\"widget\" data-widget_type=\"image.default\">\n\t\t\t\t<div class=\"elementor-widget-container\">\n\t\t\t\t\t\t\t\t\t\t\t\t\t\t\t<img fetchpriority=\"high\" decoding=\"async\" width=\"300\" height=\"229\" src=\"https:\/\/styfunc.com\/wp-content\/uploads\/2022\/07\/Logo-styfunc-PNG-1-300x229.png\" class=\"attachment-medium size-medium wp-image-374\" alt=\"\" srcset=\"https:\/\/styfunc.com\/wp-content\/uploads\/2022\/07\/Logo-styfunc-PNG-1-300x229.png 300w, https:\/\/styfunc.com\/wp-content\/uploads\/2022\/07\/Logo-styfunc-PNG-1.png 727w\" sizes=\"(max-width: 300px) 100vw, 300px\" \/>\t\t\t\t\t\t\t\t\t\t\t\t\t\t\t<\/div>\n\t\t\t\t<\/div>\n\t\t\t\t<div class=\"elementor-element elementor-element-238e07b elementor-widget elementor-widget-spacer\" data-id=\"238e07b\" data-element_type=\"widget\" data-widget_type=\"spacer.default\">\n\t\t\t\t<div class=\"elementor-widget-container\">\n\t\t\t\t\t\t\t<div class=\"elementor-spacer\">\n\t\t\t<div class=\"elementor-spacer-inner\"><\/div>\n\t\t<\/div>\n\t\t\t\t\t\t<\/div>\n\t\t\t\t<\/div>\n\t\t\t\t<div class=\"elementor-element elementor-element-d62483e elementor-widget elementor-widget-text-editor\" data-id=\"d62483e\" data-element_type=\"widget\" data-widget_type=\"text-editor.default\">\n\t\t\t\t<div class=\"elementor-widget-container\">\n\t\t\t\t\t\t\t\t\t<div class=\"notion-selectable notion-text-block\" data-block-id=\"e8baf17b-3944-4500-b42a-f6847109ecf3\"><div><div><div class=\"notranslate\" contenteditable=\"true\" spellcheck=\"true\" data-content-editable-leaf=\"true\">Somos una empresa argentina dedicada al dise\u00f1o industrial. Nuestros productos son dise\u00f1ados internamente, con un enfoque en la versatilidad y durabilidad de cada pieza.<\/div><div>\u00a0<\/div><\/div><\/div><\/div><div class=\"notion-selectable notion-text-block\" data-block-id=\"3fd17d4b-b4b6-4c6e-b449-0650a9146931\"><div><div><div class=\"notranslate\" contenteditable=\"true\" spellcheck=\"true\" data-content-editable-leaf=\"true\">Desarrollamos nuestros objetos bas\u00e1ndonos en el estilo y la funcionalidad, entendiendo las necesidades reales de los usuarios y proponiendo soluciones innovadoras a trav\u00e9s de conceptos creativos, siempre seleccionando materiales que nos permitan crear productos funcionales, \u00fatiles, sostenibles, atemporales y est\u00e9ticos.<\/div><div>\u00a0<\/div><\/div><\/div><\/div><div class=\"notion-selectable notion-text-block\" data-block-id=\"d879ffea-f36b-46d0-b947-4c912e853886\"><div><div><div class=\"notranslate\" contenteditable=\"true\" spellcheck=\"true\" data-content-editable-leaf=\"true\">Conocemos tanto los procesos de producci\u00f3n tradicionales como las \u00faltimas tecnolog\u00edas. Nos apasiona estar a la vanguardia, sin perder de vista los m\u00e9todos y materiales cl\u00e1sicos. Nuestra experiencia respalda nuestra capacidad para elegir la mejor estrategia de dise\u00f1o y ofrecer soluciones adaptadas a diferentes situaciones, siempre con el objetivo de proporcionar los mejores productos para nuestros usuarios.<\/div><div>\u00a0<\/div><\/div><\/div><\/div><div class=\"notion-selectable notion-text-block\" data-block-id=\"d3af4da9-4283-4301-ae06-5cdde1dec43a\"><div><div><div class=\"notranslate\" contenteditable=\"true\" spellcheck=\"true\" data-content-editable-leaf=\"true\">Esto nos permite tener una visi\u00f3n integral del proceso productivo, asegurando un control de calidad riguroso desde la concepci\u00f3n del producto hasta que llega a las manos del usuario.<\/div><div>\u00a0<\/div><\/div><\/div><\/div><div class=\"notion-selectable notion-text-block\" data-block-id=\"5b363f16-1aa5-4f0d-b84d-c55fa192dbcc\"><div><div><div class=\"notranslate\" contenteditable=\"true\" spellcheck=\"true\" data-content-editable-leaf=\"true\">Adem\u00e1s, creemos que la atenci\u00f3n efectiva al cliente y el respeto en todo el proceso de compra son esenciales para una experiencia positiva para ambas partes. Nuestra misi\u00f3n es garantizar que cada usuario tenga la mejor experiencia al elegirnos<\/div><\/div><\/div><\/div>\t\t\t\t\t\t\t\t<\/div>\n\t\t\t\t<\/div>\n\t\t\t\t<div class=\"elementor-element elementor-element-871608d elementor-widget elementor-widget-spacer\" data-id=\"871608d\" data-element_type=\"widget\" data-widget_type=\"spacer.default\">\n\t\t\t\t<div class=\"elementor-widget-container\">\n\t\t\t\t\t\t\t<div class=\"elementor-spacer\">\n\t\t\t<div class=\"elementor-spacer-inner\"><\/div>\n\t\t<\/div>\n\t\t\t\t\t\t<\/div>\n\t\t\t\t<\/div>\n\t\t\t\t<div class=\"elementor-element elementor-element-f620819 elementor-align-center elementor-widget__width-initial e-transform elementor-widget elementor-widget-button\" data-id=\"f620819\" data-element_type=\"widget\" data-settings=\"{&quot;sticky&quot;:&quot;top&quot;,&quot;_transform_scale_effect&quot;:{&quot;unit&quot;:&quot;px&quot;,&quot;size&quot;:1.2,&quot;sizes&quot;:[]},&quot;sticky_on&quot;:[&quot;desktop&quot;,&quot;tablet&quot;,&quot;mobile&quot;],&quot;sticky_offset&quot;:0,&quot;sticky_effects_offset&quot;:0,&quot;_transform_scale_effect_tablet&quot;:{&quot;unit&quot;:&quot;px&quot;,&quot;size&quot;:&quot;&quot;,&quot;sizes&quot;:[]},&quot;_transform_scale_effect_mobile&quot;:{&quot;unit&quot;:&quot;px&quot;,&quot;size&quot;:&quot;&quot;,&quot;sizes&quot;:[]}}\" data-widget_type=\"button.default\">\n\t\t\t\t<div class=\"elementor-widget-container\">\n\t\t\t\t\t\t\t\t\t<div class=\"elementor-button-wrapper\">\n\t\t\t\t\t<a class=\"elementor-button elementor-button-link elementor-size-sm\" href=\"https:\/\/styfunc.mitiendanube.com\/\">\n\t\t\t\t\t\t<span class=\"elementor-button-content-wrapper\">\n\t\t\t\t\t\t\t\t\t<span class=\"elementor-button-text\">Tienda<\/span>\n\t\t\t\t\t<\/span>\n\t\t\t\t\t<\/a>\n\t\t\t\t<\/div>\n\t\t\t\t\t\t\t\t<\/div>\n\t\t\t\t<\/div>\n\t\t\t\t<div class=\"elementor-element elementor-element-5f2c61b elementor-widget elementor-widget-spacer\" data-id=\"5f2c61b\" data-element_type=\"widget\" data-widget_type=\"spacer.default\">\n\t\t\t\t<div class=\"elementor-widget-container\">\n\t\t\t\t\t\t\t<div class=\"elementor-spacer\">\n\t\t\t<div class=\"elementor-spacer-inner\"><\/div>\n\t\t<\/div>\n\t\t\t\t\t\t<\/div>\n\t\t\t\t<\/div>\n\t\t\t\t\t<\/div>\n\t\t<\/div>\n\t\t\t\t\t<\/div>\n\t\t<\/section>\n\t\t\t\t<\/div>\n\t\t","protected":false},"excerpt":{"rendered":"<p>Somos una empresa argentina dedicada al dise\u00f1o industrial. Nuestros productos son dise\u00f1ados internamente, con un enfoque en la versatilidad y durabilidad de cada pieza.\u00a0Desarrollamos nuestros objetos bas\u00e1ndonos en el estilo y la funcionalidad, entendiendo las necesidades reales de los usuarios y proponiendo soluciones innovadoras a trav\u00e9s de conceptos creativos, siempre seleccionando materiales que nos permitan [&hellip;]<\/p>\n","protected":false},"author":1,"featured_media":0,"parent":0,"menu_order":4,"comment_status":"closed","ping_status":"closed","template":"","meta":{"_monsterinsights_skip_tracking":false,"_monsterinsights_sitenote_active":false,"_monsterinsights_sitenote_note":"","_monsterinsights_sitenote_category":0,"footnotes":""},"class_list":["post-337","page","type-page","status-publish","hentry"],"_links":{"self":[{"href":"https:\/\/styfunc.com\/index.php\/wp-json\/wp\/v2\/pages\/337","targetHints":{"allow":["GET"]}}],"collection":[{"href":"https:\/\/styfunc.com\/index.php\/wp-json\/wp\/v2\/pages"}],"about":[{"href":"https:\/\/styfunc.com\/index.php\/wp-json\/wp\/v2\/types\/page"}],"author":[{"embeddable":true,"href":"https:\/\/styfunc.com\/index.php\/wp-json\/wp\/v2\/users\/1"}],"replies":[{"embeddable":true,"href":"https:\/\/styfunc.com\/index.php\/wp-json\/wp\/v2\/comments?post=337"}],"version-history":[{"count":73,"href":"https:\/\/styfunc.com\/index.php\/wp-json\/wp\/v2\/pages\/337\/revisions"}],"predecessor-version":[{"id":1258,"href":"https:\/\/styfunc.com\/index.php\/wp-json\/wp\/v2\/pages\/337\/revisions\/1258"}],"wp:attachment":[{"href":"https:\/\/styfunc.com\/index.php\/wp-json\/wp\/v2\/media?parent=337"}],"curies":[{"name":"wp","href":"https:\/\/api.w.org\/{rel}","templated":true}]}}